{"id":274,"date":"2024-03-29T20:47:19","date_gmt":"2024-03-29T19:47:19","guid":{"rendered":"https:\/\/poeles-chef-carlo.fr\/?page_id=274"},"modified":"2024-03-31T19:25:47","modified_gmt":"2024-03-31T17:25:47","slug":"mentions-legales","status":"publish","type":"page","link":"https:\/\/poeles-chef-carlo.fr\/index.php\/mentions-legales\/","title":{"rendered":"Mentions l\u00e9gales"},"content":{"rendered":"<p>[et_pb_section fb_built=\u00a0\u00bb1&Prime; _builder_version=\u00a0\u00bb4.24.2&Prime; _module_preset=\u00a0\u00bbdefault\u00a0\u00bb global_colors_info=\u00a0\u00bb{}\u00a0\u00bb][et_pb_row _builder_version=\u00a0\u00bb4.24.2&Prime; _module_preset=\u00a0\u00bbdefault\u00a0\u00bb global_colors_info=\u00a0\u00bb{}\u00a0\u00bb][et_pb_column type=\u00a0\u00bb4_4&Prime; _builder_version=\u00a0\u00bb4.24.2&Prime; _module_preset=\u00a0\u00bbdefault\u00a0\u00bb global_colors_info=\u00a0\u00bb{}\u00a0\u00bb][et_pb_text _builder_version=\u00a0\u00bb4.24.2&Prime; _module_preset=\u00a0\u00bbdefault\u00a0\u00bb header_font=\u00a0\u00bb|||on|on|||#E02B20|\u00a0\u00bb header_text_align=\u00a0\u00bbcenter\u00a0\u00bb header_text_color=\u00a0\u00bb#FFFFFF\u00a0\u00bb header_font_size=\u00a0\u00bb20px\u00a0\u00bb background_color=\u00a0\u00bb#000000&Prime; custom_margin=\u00a0\u00bb||0px||false|false\u00a0\u00bb custom_padding=\u00a0\u00bb10px||0px||false|false\u00a0\u00bb border_radii=\u00a0\u00bbon|4px|4px|4px|4px\u00a0\u00bb global_colors_info=\u00a0\u00bb{}\u00a0\u00bb]<\/p>\n<h1><span>Mentions l\u00e9gales<\/span><\/h1>\n<p>[\/et_pb_text][\/et_pb_column][\/et_pb_row][et_pb_row _builder_version=\u00a0\u00bb4.24.2&Prime; _module_preset=\u00a0\u00bbdefault\u00a0\u00bb background_color=\u00a0\u00bbrgba(0,0,0,0.03)\u00a0\u00bb custom_padding=\u00a0\u00bb|5px||5px|false|false\u00a0\u00bb border_radii=\u00a0\u00bbon|4px|4px|4px|4px\u00a0\u00bb global_colors_info=\u00a0\u00bb{}\u00a0\u00bb][et_pb_column type=\u00a0\u00bb4_4&Prime; _builder_version=\u00a0\u00bb4.24.2&Prime; _module_preset=\u00a0\u00bbdefault\u00a0\u00bb global_colors_info=\u00a0\u00bb{}\u00a0\u00bb][et_pb_text _builder_version=\u00a0\u00bb4.24.2&Prime; _module_preset=\u00a0\u00bbdefault\u00a0\u00bb text_font=\u00a0\u00bb||||||||\u00a0\u00bb text_text_color=\u00a0\u00bb#000000&Prime; text_font_size=\u00a0\u00bb15px\u00a0\u00bb header_font=\u00a0\u00bbAbel||||||||\u00a0\u00bb header_2_font=\u00a0\u00bb|||on|||||\u00a0\u00bb global_colors_info=\u00a0\u00bb{}\u00a0\u00bb]<\/p>\n<p style=\"font-weight: 400;\">Conform\u00e9ment aux dispositions des articles 6-III et 19 de la loi pour la Confiance dans l\u2019\u00c9conomie Num\u00e9rique.<\/p>\n<h2 style=\"font-weight: 500;\">\u00c9diteur du site et responsable de la publication :<\/h2>\n<p style=\"font-weight: 400;\"><span>Le directeur<\/span><span>\u00a0<\/span>de la publication du site<span>\u00a0<\/span><span>www.poeles-chef-carlo.fr<\/span><span>\u00a0<\/span>est<span>\u00a0<\/span><span>Monsieur<\/span><span>\u00a0<\/span><span>Pedretti L\u00e9o<\/span>, en sa qualit\u00e9<span>\u00a0<\/span><span>de Dirigeant<\/span><span>\u00a0<\/span>au sein de<span>\u00a0<\/span><span>l&rsquo;Entreprise SARL VICENZA<\/span>, pr\u00e9sente au<span> 13 RUE DE LOUCHAR 03800 CHARMES<\/span><\/p>\n<ul>\n<li style=\"font-weight: 400;\"><span><\/span>Mail :<span>\u00a0<\/span>poeles.chef.carlo@gmail.com<\/li>\n<li style=\"font-weight: 400;\"><span><\/span>Siret : 84046364000010<\/li>\n<\/ul>\n<h3 style=\"font-weight: 500;\">Conception graphique, d\u00e9veloppement et h\u00e9bergement :<\/h3>\n<p style=\"font-weight: 400;\"><a href=\"http:\/\/www.joey-createur-web.fr\">JOEY-CREATEUR-WEB.FR<\/a><\/p>\n<p style=\"font-weight: 400;\">Cr\u00e9teur\u00a0 de site internet independant,<\/p>\n<p style=\"font-weight: 400;\">32 AVENUE LUCIEN LIORTE 87210 LE DORAT<\/p>\n<p style=\"font-weight: 400;\">H\u00c9BERGEMENT<\/p>\n<p style=\"font-weight: 400;\"><span>L&rsquo;h\u00e9bergement de ce site est assur\u00e9 par la soci\u00e9t\u00e9 HOSTINGER INTERNATIONAL LTD, dont le si\u00e8ge social se situe\u00a0<\/span><b>61 Lordou Vironos Street, 6023 Larnaca, Chypre<\/b><span>, joignable par le moyen suivant : https:\/\/www.hostinger.fr\/contact.<\/span><\/p>\n<h2 style=\"font-weight: 500;\">ARTICLE 1 : OBJET<\/h2>\n<p style=\"font-weight: 400;\">La pr\u00e9sente notice a pour objet de d\u00e9finir les modalit\u00e9s selon lesquelles\u00a0l&rsquo;EI SARL VICENZA\u00a0met \u00e0 la disposition des internautes son Site Internet\u00a0<a href=\"http:\/\/www.poeles-chef-carlo.fr\">www.poeles-chef-carlo.fr<\/a> et les conditions selon lesquelles les internautes acc\u00e8dent et utilisent ce Site Internet. Toute connexion au Site\u00a0www.\u00a0<a href=\"http:\/\/www.poeles-chef-carlo.fr\">www.poeles-chef-carlo.fr<\/a>\u00a0est subordonn\u00e9e au respect de la pr\u00e9sente notice l\u00e9gale que\u00a0l&rsquo;EI\u00a0SARL VICENZA\u00a0se r\u00e9serve de modifier ou de mettre \u00e0 jour \u00e0 tout moment. L\u2019acc\u00e8s et l\u2019utilisation du Site\u00a0<a href=\"http:\/\/www.poeles-chef-carlo.fr\">www.poeles-chef-carlo.fr <\/a>entra\u00eenent votre adh\u00e9sion \u00e0 la pr\u00e9sente notice l\u00e9gale. Si vous n\u2019\u00e9tiez pas en accord avec les clauses \u00e9nonc\u00e9es ci-apr\u00e8s, il vous est conseill\u00e9 ne pas utiliser ce Site.<\/p>\n<h2 style=\"font-weight: 500;\">ARTICLE 2 : ACC\u00c8S AU SITE<\/h2>\n<p style=\"font-weight: 400;\"><span>L&rsquo;EI<\/span><span>\u00a0<\/span><span>SARL VICENZA<\/span><span>\u00a0<\/span>s\u2019efforce de maintenir accessible le Site, sans pour autant \u00eatre tenue \u00e0 aucune obligation d\u2019y parvenir. Il est pr\u00e9cis\u00e9 qu\u2019\u00e0 des fins de maintenance, de mise \u00e0 jour, et pour toute autre raison notamment d\u2019ordre technique, l\u2019acc\u00e8s au Site pourra \u00eatre interrompu.<span>\u00a0<\/span><span>L&rsquo;EI<\/span><span> SARL VICENZA<\/span><span>\u00a0<\/span>n\u2019est en aucun cas responsable de ces interruptions et des cons\u00e9quences qui peuvent en d\u00e9couler pour l\u2019internaute. Par ailleurs, l\u2019\u00e9diteur du Site ne saurait garantir l\u2019exactitude des informations qui y sont diffus\u00e9es. En cons\u00e9quence, l\u2019utilisateur reconna\u00eet utiliser ces informations sous sa responsabilit\u00e9 exclusive.<\/p>\n<h2 style=\"font-weight: 500;\">ARTICLE 3 : INFORMATIQUE ET LIBERT\u00c9S<\/h2>\n<p style=\"font-weight: 400;\">En application de la loi n\u00b078-17 du 6 janvier 1978 modifi\u00e9e, relative \u00e0 l\u2019informatique, aux fichiers et aux libert\u00e9s, les traitements automatis\u00e9s de donn\u00e9es nominatives r\u00e9alis\u00e9s \u00e0 partir du pr\u00e9sent site Internet ont \u00e9t\u00e9 trait\u00e9s en conformit\u00e9 avec les exigences de la loi n\u00b078-17 du 6 janvier 1978.<\/p>\n<p style=\"font-weight: 400;\">L\u2019utilisateur est ainsi inform\u00e9 :<\/p>\n<ol style=\"font-weight: 400;\">\n<li>que, conform\u00e9ment \u00e0 l\u2019article 32 de cette m\u00eame loi, les informations qu\u2019il communique par le biais des formulaires pr\u00e9sents sur ce site sont n\u00e9cessaires pour r\u00e9pondre \u00e0 sa demande et sont destin\u00e9es \u00e0 l\u2019\u00e9diteur du site uniquement, en tant que responsable du traitement, \u00e0 des fins de gestion administrative et commerciale.<\/li>\n<li>qu\u2019il dispose d\u2019un droit d\u2019acc\u00e8s, d\u2019interrogation et de rectification qui lui permet, le cas \u00e9ch\u00e9ant, de faire rectifier, compl\u00e9ter, mettre \u00e0 jour, verrouiller ou effacer les donn\u00e9es personnelles le concernant qui sont inexactes, incompl\u00e8tes, \u00e9quivoques, p\u00e9rim\u00e9es ou dont la collecte, l\u2019utilisation, la communication ou la conservation est interdite.<\/li>\n<li>qu\u2019il dispose \u00e9galement d\u2019un droit d\u2019opposition au traitement de ses donn\u00e9es pour des motifs l\u00e9gitimes ainsi qu\u2019un droit d\u2019opposition \u00e0 ce que ces donn\u00e9es soient utilis\u00e9es \u00e0 des fins de prospection commerciale.<\/li>\n<\/ol>\n<p style=\"font-weight: 400;\">L\u2019ensemble de ces droits s\u2019exerce aupr\u00e8s de l\u2019\u00e9diteur du Site par courrier \u00e0 adresser au si\u00e8ge social ou par mail.<\/p>\n<h2 style=\"font-weight: 500;\">ARTICLE 4 : COOKIES<\/h2>\n<p style=\"font-weight: 400;\">L\u2019utilisateur est inform\u00e9 que lors de ses visites sur le site, un cookie peut s\u2019installer automatiquement sur son logiciel de navigation. Le cookie est un bloc de donn\u00e9es qui ne permet pas d\u2019identifier les utilisateurs mais sert \u00e0 enregistrer des informations relatives \u00e0 la navigation de celui-ci sur le site. Le param\u00e9trage du logiciel de navigation permet d\u2019informer de la pr\u00e9sence de cookie et \u00e9ventuellement, de la refuser de la mani\u00e8re d\u00e9crite \u00e0 l\u2019adresse suivante :<span>\u00a0<\/span><a href=\"https:\/\/www.cnil.fr\/\">www.cnil.fr.<\/a><\/p>\n<p style=\"font-weight: 400;\">L\u2019utilisateur dispose de l\u2019ensemble des droits susvis\u00e9s s\u2019agissant des donn\u00e9es \u00e0 caract\u00e8re personnel communiqu\u00e9es par le biais des cookies dans les conditions indiqu\u00e9es ci-dessus. Les utilisateurs de ce site Internet sont tenus de respecter les dispositions de la loi n\u00b078-17 du 6 janvier 1978 modifi\u00e9e, relative \u00e0 l\u2019informatique, aux fichiers et aux libert\u00e9s, dont la violation est passible de sanctions p\u00e9nales. Ils doivent notamment s\u2019abstenir, s\u2019agissant des informations \u00e0 caract\u00e8re personnel auxquelles ils acc\u00e8dent ou pourraient acc\u00e9der, de toute collecte, de toute utilisation d\u00e9tourn\u00e9e d\u2019une mani\u00e8re g\u00e9n\u00e9rale, de tout acte susceptible de porter atteinte \u00e0 la vie priv\u00e9e ou \u00e0 la r\u00e9putation des personnes.<\/p>\n<h2 style=\"font-weight: 500;\">ARTICLE 5 : PROPRI\u00c9T\u00c9 INTELLECTUELLE<\/h2>\n<p style=\"font-weight: 400;\">L&rsquo;int\u00e9gralit\u00e9 de notre site Web, y compris les textes, images, animations graphiques, fichiers audio et vid\u00e9o, est, sauf disposition contraire explicite, notre propri\u00e9t\u00e9 et ne peut pas \u00eatre reproduite, modifi\u00e9e, transmise, r\u00e9utilis\u00e9e, appropri\u00e9e, utilis\u00e9e ou employ\u00e9e de quelque autre mani\u00e8re \u00e0 des fins publiques ou commerciales sans notre accord \u00e9crit pr\u00e9alable. Toute violation de nos droits de copyright ou autres droits de protection peut entra\u00eener des poursuites civiles ou p\u00e9nales \u00e0 votre encontre.<\/p>\n<p>[\/et_pb_text][\/et_pb_column][\/et_pb_row][\/et_pb_section]<\/p>\n","protected":false},"excerpt":{"rendered":"<p>Mentions l\u00e9galesConform\u00e9ment aux dispositions des articles 6-III et 19 de la loi pour la Confiance dans l\u2019\u00c9conomie Num\u00e9rique. \u00c9diteur du site et responsable de la publication : Le directeur\u00a0de la publication du site\u00a0www.poeles-chef-carlo.fr\u00a0est\u00a0Monsieur\u00a0Pedretti L\u00e9o, en sa qualit\u00e9\u00a0de Dirigeant\u00a0au sein de\u00a0l&rsquo;Entreprise SARL VICENZA, pr\u00e9sente au 13 RUE DE LOUCHAR 03800 CHARMES Mail :\u00a0poeles.chef.carlo@gmail.com Siret : 84046364000010 [&hellip;]<\/p>\n","protected":false},"author":1,"featured_media":0,"parent":0,"menu_order":0,"comment_status":"closed","ping_status":"closed","template":"","meta":{"_et_pb_use_builder":"on","_et_pb_old_content":"<!-- wp:divi\/placeholder \/-->","_et_gb_content_width":"","footnotes":""},"class_list":["post-274","page","type-page","status-publish","hentry"],"_links":{"self":[{"href":"https:\/\/poeles-chef-carlo.fr\/index.php\/wp-json\/wp\/v2\/pages\/274","targetHints":{"allow":["GET"]}}],"collection":[{"href":"https:\/\/poeles-chef-carlo.fr\/index.php\/wp-json\/wp\/v2\/pages"}],"about":[{"href":"https:\/\/poeles-chef-carlo.fr\/index.php\/wp-json\/wp\/v2\/types\/page"}],"author":[{"embeddable":true,"href":"https:\/\/poeles-chef-carlo.fr\/index.php\/wp-json\/wp\/v2\/users\/1"}],"replies":[{"embeddable":true,"href":"https:\/\/poeles-chef-carlo.fr\/index.php\/wp-json\/wp\/v2\/comments?post=274"}],"version-history":[{"count":6,"href":"https:\/\/poeles-chef-carlo.fr\/index.php\/wp-json\/wp\/v2\/pages\/274\/revisions"}],"predecessor-version":[{"id":365,"href":"https:\/\/poeles-chef-carlo.fr\/index.php\/wp-json\/wp\/v2\/pages\/274\/revisions\/365"}],"wp:attachment":[{"href":"https:\/\/poeles-chef-carlo.fr\/index.php\/wp-json\/wp\/v2\/media?parent=274"}],"curies":[{"name":"wp","href":"https:\/\/api.w.org\/{rel}","templated":true}]}}