{"id":278,"date":"2024-03-29T20:48:10","date_gmt":"2024-03-29T19:48:10","guid":{"rendered":"https:\/\/poeles-chef-carlo.fr\/?page_id=278"},"modified":"2024-03-30T11:59:53","modified_gmt":"2024-03-30T10:59:53","slug":"charte-de-protection-des-donnees-personnelles","status":"publish","type":"page","link":"https:\/\/poeles-chef-carlo.fr\/index.php\/charte-de-protection-des-donnees-personnelles\/","title":{"rendered":"Charte de protection des donn\u00e9es personnelles"},"content":{"rendered":"<p>[et_pb_section fb_built=\u00a0\u00bb1&Prime; _builder_version=\u00a0\u00bb4.24.2&Prime; _module_preset=\u00a0\u00bbdefault\u00a0\u00bb global_colors_info=\u00a0\u00bb{}\u00a0\u00bb][et_pb_row _builder_version=\u00a0\u00bb4.24.2&Prime; _module_preset=\u00a0\u00bbdefault\u00a0\u00bb global_colors_info=\u00a0\u00bb{}\u00a0\u00bb][et_pb_column type=\u00a0\u00bb4_4&Prime; _builder_version=\u00a0\u00bb4.24.2&Prime; _module_preset=\u00a0\u00bbdefault\u00a0\u00bb global_colors_info=\u00a0\u00bb{}\u00a0\u00bb][et_pb_text _builder_version=\u00a0\u00bb4.24.2&Prime; _module_preset=\u00a0\u00bbdefault\u00a0\u00bb header_font=\u00a0\u00bb|||on|on|||#E02B20|\u00a0\u00bb header_text_align=\u00a0\u00bbcenter\u00a0\u00bb header_text_color=\u00a0\u00bb#FFFFFF\u00a0\u00bb header_font_size=\u00a0\u00bb20px\u00a0\u00bb background_color=\u00a0\u00bb#000000&Prime; custom_margin=\u00a0\u00bb||0px||false|false\u00a0\u00bb custom_padding=\u00a0\u00bb10px||0px||false|false\u00a0\u00bb hover_enabled=\u00a0\u00bb0&Prime; border_radii=\u00a0\u00bbon|4px|4px|4px|4px\u00a0\u00bb global_colors_info=\u00a0\u00bb{}\u00a0\u00bb sticky_enabled=\u00a0\u00bb0&Prime;]<\/p>\n<h1><span>Charte de protection des donn\u00e9es<\/span><\/h1>\n<p>[\/et_pb_text][\/et_pb_column][\/et_pb_row][et_pb_row _builder_version=\u00a0\u00bb4.24.2&Prime; _module_preset=\u00a0\u00bbdefault\u00a0\u00bb background_color=\u00a0\u00bbrgba(0,0,0,0.03)\u00a0\u00bb custom_padding=\u00a0\u00bb|5px||5px|false|false\u00a0\u00bb border_radii=\u00a0\u00bbon|4px|4px|4px|4px\u00a0\u00bb global_colors_info=\u00a0\u00bb{}\u00a0\u00bb][et_pb_column type=\u00a0\u00bb4_4&Prime; _builder_version=\u00a0\u00bb4.24.2&Prime; _module_preset=\u00a0\u00bbdefault\u00a0\u00bb global_colors_info=\u00a0\u00bb{}\u00a0\u00bb][et_pb_text _builder_version=\u00a0\u00bb4.24.2&Prime; _module_preset=\u00a0\u00bbdefault\u00a0\u00bb text_font=\u00a0\u00bb||||||||\u00a0\u00bb text_text_color=\u00a0\u00bb#000000&Prime; text_font_size=\u00a0\u00bb15px\u00a0\u00bb header_font=\u00a0\u00bbAbel||||||||\u00a0\u00bb header_2_font=\u00a0\u00bb|||on|||||\u00a0\u00bb global_colors_info=\u00a0\u00bb{}\u00a0\u00bb]<\/p>\n<p style=\"font-weight: 400;\"><span>L&rsquo;EI<\/span><span> SARL VICENZA <\/span>attache une grande importance \u00e0 la protection et au respect de la vie priv\u00e9e et des donn\u00e9es personnelles (\u00ab Donn\u00e9es Personnelles \u00bb) des utilisateurs de son site internet (ci-apr\u00e8s le \u00ab Site \u00bb).<\/p>\n<p style=\"font-weight: 400;\"><span>L&rsquo;EI<\/span><span>\u00a0<\/span><span>C<\/span><span>\u00a0<\/span>s\u2019engage \u00e0 mettre en \u0153uvre les mesures ad\u00e9quates \u00e0 la protection, la confidentialit\u00e9 et la s\u00e9curit\u00e9 des Donn\u00e9es Personnelles conform\u00e9ment \u00e0 la r\u00e8glementation en vigueur en France et dans l\u2019Union Europ\u00e9enne, en particulier au R\u00e8glement G\u00e9n\u00e9ral sur la Protection des Donn\u00e9es Personnelles UE 2016\/679 du 27 avril 2016 et aux r\u00e8gles de droit national prises pour son application.<\/p>\n<p style=\"font-weight: 400;\">Les utilisateurs sont inform\u00e9s par la pr\u00e9sente charte (la \u00ab Charte \u00bb) des pratiques et des traitements inh\u00e9rents \u00e0 la collecte et \u00e0 l\u2019utilisation des Donn\u00e9es Personnelles par<span>\u00a0<\/span><span>l&rsquo;EI<\/span><span> SARL VICENZA<\/span><span>\u00a0<\/span>en tant que responsable de traitement.<\/p>\n<p style=\"font-weight: 400;\">En cons\u00e9quence,<span>\u00a0<\/span><span>l&rsquo;EI<\/span><span> SARL VICENZA<\/span><span>\u00a0<\/span>invite les utilisateurs \u00e0 lire attentivement le pr\u00e9sent document pour conna\u00eetre et comprendre les traitements relatifs aux Donn\u00e9es Personnelles.<\/p>\n<p style=\"font-weight: 400;\">Il est pr\u00e9cis\u00e9 qu\u2019en naviguant sur le Site, les utilisateurs acceptent la pr\u00e9sente Charte ainsi que les conditions g\u00e9n\u00e9rales d\u2019utilisation.<\/p>\n<h2 style=\"font-weight: 500;\">ARTICLE 1. DONN\u00c9ES PERSONNELLES COLLECT\u00c9ES<\/h2>\n<p style=\"font-weight: 400;\">Les utilisateurs sont amen\u00e9s \u00e0 fournir leurs Donn\u00e9es Personnelles sous format num\u00e9rique lors de l\u2019utilisation du Site.<\/p>\n<h6 style=\"font-weight: 500;\">1.1 Principes applicables \u00e0 la collecte des Donn\u00e9es Personnelles<\/h6>\n<p style=\"font-weight: 400;\">De mani\u00e8re g\u00e9n\u00e9rale, les utilisateurs peuvent naviguer sur le Site sans qu\u2019il soit forc\u00e9ment n\u00e9cessaire de communiquer \u00e0<span>\u00a0<\/span><span>l&rsquo;EI<\/span><span> SARL VICENZA<\/span><span>\u00a0<\/span>des Donn\u00e9es Personnelles.<\/p>\n<p style=\"font-weight: 400;\"><span>L&rsquo;EI<\/span><span> SARL VICENZA<\/span><span>\u00a0<\/span>collecte uniquement les Donn\u00e9es Personnelles n\u00e9cessaires \u00e0 la r\u00e9alisation des traitements qu\u2019elle met en place et leur assure un haut niveau de protection. A ce titre, les traitements n\u00e9cessitant la collecte de donn\u00e9es sont les suivants :<\/p>\n<ul style=\"font-weight: 400;\">\n<li>R\u00e9pondre aux demandes de renseignements (formulaires de contact) ;<\/li>\n<li>Participer \u00e0 des enqu\u00eates permettant d\u2019am\u00e9liorer la relation et de l\u2019exp\u00e9rience client ;<\/li>\n<li>Envoyer des lettres d\u2019information (\u00ab newsletters \u00bb), des emails d\u2019alerte informatifs ou commerciaux ;<\/li>\n<\/ul>\n<p style=\"font-weight: 400;\">En ce cas, les informations personnelles collect\u00e9es aupr\u00e8s des utilisateurs sont :<\/p>\n<ul style=\"font-weight: 400;\">\n<li>Nom(s),<\/li>\n<li>Pr\u00e9nom(s),<\/li>\n<li>Adresse e-mail,<\/li>\n<li>Num\u00e9ros de t\u00e9l\u00e9phone,<\/li>\n<\/ul>\n<p style=\"font-weight: 400;\">Ces Donn\u00e9es Personnelles sont ensuite conserv\u00e9es le temps n\u00e9cessaire \u00e0 l\u2019accomplissement de la requ\u00eate des utilisateurs. A d\u00e9faut de r\u00e9alisation concr\u00e8te, elles sont supprim\u00e9es dans les d\u00e9lais recommand\u00e9s par la CNIL, soit au bout de trois ans \u00e0 compter de leur collecte par le Site sous r\u00e9serve des possibilit\u00e9s et obligations l\u00e9gales en mati\u00e8re d\u2019archivage, d\u2019obligations de conservation de certaines donn\u00e9es et\/ou d\u2019anonymisation.<\/p>\n<h6 style=\"font-weight: 500;\">1.2 Informations de navigation des utilisateurs du Site<\/h6>\n<p style=\"font-weight: 400;\">Lors de l\u2019utilisation du Site ou de certains services li\u00e9s au Site, certaines donn\u00e9es sont recueillies de mani\u00e8re automatique telles que :<\/p>\n<ul style=\"font-weight: 400;\">\n<li>adresse IP,<\/li>\n<li>r\u00e9f\u00e9rence du logiciel de navigation utilis\u00e9,<\/li>\n<li>donn\u00e9es de navigation (date, heure, contenu consult\u00e9, termes de recherche utilis\u00e9s, etc.),<\/li>\n<li>r\u00e9f\u00e9rences du syst\u00e8me d\u2019exploitation.<\/li>\n<\/ul>\n<p style=\"font-weight: 400;\">Parmi les technologies utilis\u00e9es pour recueillir ces informations,<span>\u00a0<\/span><span>l&rsquo;EISARL VICENZA <\/span>peut avoir recours \u00e0 des sessions \u00ab php \u00bb qui stockent les donn\u00e9es de chaque utilisateur en utilisant un identifiant de session unique. Ces sessions php conservent les donn\u00e9es en m\u00e9moire uniquement le temps de navigation des utilisateurs.<\/p>\n<p style=\"font-weight: 400;\">Les donn\u00e9es collect\u00e9es lors de la navigation sont ainsi supprim\u00e9es au moment o\u00f9 le navigateur de l\u2019utilisateur se ferme, ou, le cas \u00e9ch\u00e9ant, dans un d\u00e9lai de treize mois maximums \u00e0 compter de leur collecte.<\/p>\n<h2 style=\"font-weight: 500;\">ARTICLE 2. BASE L\u00c9GALE DE LA COLLECTE ET DU TRAITEMENT DES DONN\u00c9ES PERSONNELLES<\/h2>\n<p style=\"font-weight: 400;\">Les Donn\u00e9es Personnelles sont trait\u00e9es par<span>\u00a0<\/span><span>l&rsquo;EI<\/span><span> SARL VICENZA<\/span><span>\u00a0<\/span>dans les cas autoris\u00e9s par la r\u00e8glementation en vigueur et dans les conditions suivantes :<\/p>\n<ul style=\"font-weight: 400;\">\n<li>Obtention d\u2019un consentement libre, sp\u00e9cifique, \u00e9clair\u00e9 et univoque des utilisateurs au traitement de leurs Donn\u00e9es Personnelles (il est pr\u00e9cis\u00e9 que pour les mineurs de moins de 18 ans, le consentement doit \u00eatre donn\u00e9 par le repr\u00e9sentant l\u00e9gal) ;<\/li>\n<li>Collecte de Donn\u00e9es Personnelles n\u00e9cessaires \u00e0 l\u2019ex\u00e9cution de la demande des utilisateurs ;<\/li>\n<li>Respect des obligations l\u00e9gales et\/ou r\u00e8glementaires s\u2019imposant \u00e0<span>\u00a0<\/span><span>l&rsquo;SARL VICENZA<\/span><span>\u00a0<\/span>(tel que la lutte contre la fraude et la corruption) ;<\/li>\n<li>Protection des int\u00e9r\u00eats l\u00e9gitimes de<span>\u00a0<\/span><span>l&rsquo;EISARL VICENZA<\/span><span>\u00a0<\/span>(tels que la protection de la s\u00e9curit\u00e9 de son r\u00e9seau informatique).<\/li>\n<\/ul>\n<h2 style=\"font-weight: 500;\">ARTICLE 3. DESTINATAIRES DES DONN\u00c9ES PERSONNELLES COLLECT\u00c9ES<\/h2>\n<p style=\"font-weight: 400;\">Seul le personnel habilit\u00e9 du groupe et des prestataires de<span>\u00a0<\/span><span>l&rsquo;EISARL VICENZA<\/span><span>\u00a0<\/span>peut avoir acc\u00e8s aux Donn\u00e9es Personnelles collect\u00e9es et \u00eatre amen\u00e9 \u00e0 les traiter, sans pr\u00e9judice de leur \u00e9ventuelle transmission aux organes charg\u00e9s d\u2019une mission de contr\u00f4le ou d\u2019inspection conform\u00e9ment \u00e0 la l\u00e9gislation et\/ou \u00e0 la r\u00e8glementation en vigueur ou aux fins de r\u00e9pondre \u00e0 une d\u00e9cision judiciaire ou administrative.<\/p>\n<p style=\"font-weight: 400;\">Le personnel habilit\u00e9 est soumis \u00e0 une obligation de discr\u00e9tion.<\/p>\n<p style=\"font-weight: 400;\"><span>L&rsquo;EI<\/span><span> SARL VICENZA<\/span><span>\u00a0<\/span>s\u2019engage \u00e0 ne pas commercialiser aupr\u00e8s de tiers les Donn\u00e9es Personnelles collect\u00e9es.<\/p>\n<h2 style=\"font-weight: 500;\">ARTICLE 4. TRANSFERT DE DONN\u00c9ES PERSONNELLES<\/h2>\n<p style=\"font-weight: 400;\">Les Donn\u00e9es Personnelles collect\u00e9es aupr\u00e8s des utilisateurs du Site sont exclusivement conserv\u00e9es en France et ne sont pas transf\u00e9r\u00e9es en dehors de l\u2019Union Europ\u00e9enne.<\/p>\n<p style=\"font-weight: 400;\">En cas de recours \u00e0 des affili\u00e9s ou \u00e0 des prestataires situ\u00e9s en dehors de l\u2019Union europ\u00e9enne,<span>\u00a0<\/span><span>l&rsquo;EI<\/span><span> SARL VICENZA<\/span><span style=\"font-size: 15px;\">\u00a0<\/span><span style=\"font-size: 15px;\">s\u2019engage \u00e0 v\u00e9rifier que des mesures appropri\u00e9es ont \u00e9t\u00e9 mises en place afin que les Donn\u00e9es Personnelles des utilisateurs b\u00e9n\u00e9ficient d\u2019un niveau de protection ad\u00e9quat.<\/span><\/p>\n<h2 style=\"font-weight: 500;\">ARTICLE 5. S\u00c9CURIT\u00c9 DES DONN\u00c9ES<\/h2>\n<p style=\"font-weight: 400;\"><span>L&rsquo;EI<\/span><span> SARL VICENZA<\/span><span>\u00a0<\/span>collecte et traite les Donn\u00e9es Personnelles des utilisateurs avec la plus grande confidentialit\u00e9 et dans le respect des lois applicables. Les utilisateurs sont prot\u00e9g\u00e9s contre les acc\u00e8s, modifications, divulgations ou destructions non autoris\u00e9s de leurs Donn\u00e9es Personnelles. Lorsque la divulgation de Donn\u00e9es Personnelles \u00e0 des tiers est n\u00e9cessaire et autoris\u00e9e,<span>\u00a0<\/span><span>l&rsquo;EI<\/span><span> SARL VICENZA<\/span><span>\u00a0<\/span>s\u2019assure que ces tiers garantissent aux Donn\u00e9es Personnelles concern\u00e9es le m\u00eame niveau de protection que celui leur \u00e9tant offert par<span>\u00a0<\/span><span>l&rsquo;EI<\/span><span> SARL VICENZA<\/span>, et exige des garanties contractuelles afin que les Donn\u00e9es Personnelles soient exclusivement trait\u00e9es pour les finalit\u00e9s accept\u00e9es par les utilisateurs, avec la confidentialit\u00e9 et la s\u00e9curit\u00e9 requises (notamment gr\u00e2ce \u00e0 des clauses type de la Commission europ\u00e9enne, des R\u00e8gles internes d\u2019entreprise (\u00ab BCR \u00bb) ou le Bouclier de protection des donn\u00e9es mis en place entre l\u2019Union europ\u00e9enne et les Etats-Unis d\u2019Am\u00e9rique).<\/p>\n<p style=\"font-weight: 400;\"><span>L&rsquo;EI<\/span><span> SARL VICENZA<\/span><span>\u00a0<\/span>met en place des mesures techniques et organisationnelles pour assurer que la conservation des Donn\u00e9es Personnelles est s\u00e9curis\u00e9e et ce, pendant la dur\u00e9e n\u00e9cessaire \u00e0 l\u2019exercice des finalit\u00e9s poursuivies.<\/p>\n<p style=\"font-weight: 400;\">L\u2019attention des utilisateurs est attir\u00e9e sur le fait qu\u2019aucune technologie de transmission ou de stockage n\u2019est totalement infaillible.<\/p>\n<p style=\"font-weight: 400;\">Aussi, en cas d\u2019atteinte av\u00e9r\u00e9e aux Donn\u00e9es Personnelles susceptible d\u2019engendrer un risque \u00e9lev\u00e9 pour les droits et libert\u00e9s des utilisateurs,<span>\u00a0<\/span><span>l&rsquo;EI<\/span><span> SARL VICENZA<\/span><span>\u00a0<\/span>informera l\u2019autorit\u00e9 de contr\u00f4le comp\u00e9tente de cette violation selon les modalit\u00e9s pr\u00e9vues par la r\u00e9glementation applicable.<\/p>\n<p style=\"font-weight: 400;\">Il appartient aux utilisateurs de faire preuve de prudence pour emp\u00eacher tout acc\u00e8s non autoris\u00e9 \u00e0 leurs Donn\u00e9es Personnelles et notamment \u00e0 leurs terminaux informatiques et num\u00e9riques (ordinateur, smartphone, tablette en particulier).<\/p>\n<h2 style=\"font-weight: 500;\">ARTICLE 6. LIENS VERS D\u2019AUTRES SITES INTERNET<\/h2>\n<p style=\"font-weight: 400;\">Le Site peut occasionnellement contenir des liens vers des sites de partenaires ou de soci\u00e9t\u00e9s tierces qui ont leur propre charte de protection des donn\u00e9es.<\/p>\n<p style=\"font-weight: 400;\"><span>L&rsquo;EISARL VICENZA<\/span><span>\u00a0<\/span>n\u2019exerce aucun contr\u00f4le sur le contenu de ces sites et d\u00e9cline toute responsabilit\u00e9 quant \u00e0 l\u2019utilisation faite des informations collect\u00e9es lorsque les utilisateurs cliquent sur ces liens.<\/p>\n<p style=\"font-weight: 400;\"><span>L&rsquo;EI<\/span><span> SARL VICENZA<\/span>invite en cons\u00e9quence les utilisateurs \u00e0 prendre connaissance des politiques de protection des donn\u00e9es mises en \u0153uvre par les \u00e9diteurs de ces sites avant de leur transmettre de quelconques informations nominatives les concernant.<\/p>\n<h2 style=\"font-weight: 500;\">ARTICLE 7. DROITS DES UTILISATEURS<\/h2>\n<p style=\"font-weight: 400;\">Il est rappel\u00e9 que les utilisateurs disposent des droits suivants, sous r\u00e9serve des limitations pr\u00e9vues par la l\u00e9gislation en vigueur :<\/p>\n<h6 style=\"font-weight: 500;\">7.1. Droit d\u2019information sur le traitement des Donn\u00e9es Personnelles<\/h6>\n<p style=\"font-weight: 400;\"><span>L&rsquo;EI<\/span><span> SARL VICENZA<\/span><span>\u00a0<\/span>s\u2019engage \u00e0 d\u00e9ployer ses meilleurs efforts pour d\u00e9livrer une information concise, transparente et accessible sur les conditions de traitement des Donn\u00e9es Personnelles des utilisateurs.<\/p>\n<h6 style=\"font-weight: 500;\">7.2. Droit d\u2019acc\u00e8s aux Donn\u00e9es Personnelles<\/h6>\n<p style=\"font-weight: 400;\">Chaque utilisateur peut acc\u00e9der aux Donn\u00e9es Personnelles faisant l\u2019objet d\u2019un traitement par<span>\u00a0<\/span><span>l&rsquo;EISARL VICENZA<\/span><span>\u00a0<\/span>et dispose du droit d\u2019en recevoir une copie sous forme \u00e9lectronique (pour toute copie suppl\u00e9mentaire,<span>\u00a0<\/span><span>l&rsquo;EI<\/span><span> SARL VICENZA<\/span><span>\u00a0<\/span>sera en droit d\u2019exiger le r\u00e8glement de frais bas\u00e9s sur les co\u00fbts administratifs occasionn\u00e9s).<\/p>\n<h6 style=\"font-weight: 500;\">7.3. Droit d\u2019effacement (\u00ab droit \u00e0 l\u2019oubli \u00bb) et de rectification des Donn\u00e9es Personnelles<\/h6>\n<p style=\"font-weight: 400;\">Chaque utilisateur dispose du droit de demander la suppression et\/ou la rectification des Donn\u00e9es Personnelles le concernant lorsque celles-ci sont erron\u00e9es ou obsol\u00e8tes.<\/p>\n<p style=\"font-weight: 400;\">Il est pr\u00e9cis\u00e9 que<span>\u00a0<\/span><span>l&rsquo;EI<\/span><span> SARL VICENZA<\/span><span>\u00a0<\/span>pourra conserver certaines Donn\u00e9es Personnelles lorsque la loi le lui imposera ou en cas de motif l\u00e9gitime.<\/p>\n<h6 style=\"font-weight: 500;\">7.4. Droit d\u2019opposition<\/h6>\n<p style=\"font-weight: 400;\">Les utilisateurs peuvent s\u2019opposer \u00e0 tout moment pour des motifs l\u00e9gitimes : \u00e0 l\u2019utilisation de leurs Donn\u00e9es Personnelles \u00e0 des fins de marketing direct ou \u00e0 la r\u00e9utilisation de leurs Donn\u00e9es Personnelles pour des traitements diff\u00e9rents que ceux consentis, sauf en cas d\u2019ex\u00e9cution par<span>\u00a0<\/span><span>l&rsquo;EI<\/span><span> SARL VICENZA<\/span><span>\u00a0<\/span>de l\u2019une de ses obligations l\u00e9gales.<\/p>\n<h6 style=\"font-weight: 500;\">7.5. Droit \u00e0 la limitation des traitements des Donn\u00e9es Personnelles<\/h6>\n<p style=\"font-weight: 400;\">Les utilisateurs disposent du droit de demander que les traitements effectu\u00e9s sur leurs Donn\u00e9es Personnelles soient limit\u00e9s \u00e0 ce qui est n\u00e9cessaire. Ce droit est applicable seulement :<\/p>\n<ul style=\"font-weight: 400;\">\n<li>si l\u2019utilisateur conteste l\u2019exactitude de ses Donn\u00e9es Personnelles ; si l\u2019utilisateur peut \u00e9tablir que le traitement de ses Donn\u00e9es Personnelles est illicite et demande une limitation de leur utilisation plut\u00f4t qu\u2019un effacement ;<\/li>\n<li>si<span>\u00a0<\/span><span>l&rsquo;EI<\/span><span> SARL VICENZA<\/span><span>\u00a0<\/span>n\u2019a plus besoin des Donn\u00e9es Personnelles de l\u2019utilisateur mais que celles-ci sont encore n\u00e9cessaires \u00e0 l\u2019utilisateur pour la constatation, l\u2019exercice ou la d\u00e9fense de droits en justice ;<\/li>\n<li>si l\u2019utilisateur s\u2019oppose au traitement fond\u00e9 sur l\u2019int\u00e9r\u00eat l\u00e9gitime du responsable de traitement, pendant la v\u00e9rification portant sur le point de savoir si les motifs l\u00e9gitimes poursuivis par le responsable de traitement pr\u00e9valent sur ceux de l\u2019utilisateur.<\/li>\n<\/ul>\n<h6 style=\"font-weight: 500;\">7.6. Droit de r\u00e9clamation aupr\u00e8s d\u2019une autorit\u00e9 de contr\u00f4le<\/h6>\n<p style=\"font-weight: 400;\">Si les utilisateurs estiment que les efforts mis en \u0153uvre par<span>\u00a0<\/span><span>l&rsquo;EI<\/span><span> SARL VICENZA<\/span><span>\u00a0<\/span>pour pr\u00e9server la confidentialit\u00e9 des Donn\u00e9es Personnelles ne garantissent pas le respect de leurs droits, ils ont la possibilit\u00e9 d\u2019introduire une r\u00e9clamation aupr\u00e8s de l\u2019autorit\u00e9 de contr\u00f4le comp\u00e9tente (CNIL ou toute autre autorit\u00e9 mentionn\u00e9e sur la liste disponible aupr\u00e8s de la Commission europ\u00e9enne).<\/p>\n<h6 style=\"font-weight: 500;\">7.7. Droit \u00e0 la portabilit\u00e9 des Donn\u00e9es Personnelles<\/h6>\n<p style=\"font-weight: 400;\">Les utilisateurs sont titulaires d\u2019un droit \u00e0 la portabilit\u00e9 de leurs donn\u00e9es, les autorisant \u00e0 obtenir de<span>\u00a0<\/span><span>l&rsquo;EISARL VICENZA<\/span><span>\u00a0<\/span>leurs Donn\u00e9es Personnelles dans un format structur\u00e9, couramment utilis\u00e9 et lisible par la machine et \u00e0 demander que ces Donn\u00e9es Personnelles soient transmises \u00e0 un autre responsable du traitement.<\/p>\n<h6 style=\"font-weight: 500;\">7.8. Droit de d\u00e9cider du sort des Donn\u00e9es Personnelles apr\u00e8s la mort<\/h6>\n<p style=\"font-weight: 400;\">Les utilisateurs ont \u00e9galement le droit d\u2019organiser le sort de leurs Donn\u00e9es Personnelles apr\u00e8s leur mort par l\u2019adoption de directives g\u00e9n\u00e9rales ou particuli\u00e8res que<span>\u00a0<\/span><span>l&rsquo;EI<\/span><span> SARL VICENZA<\/span><span>\u00a0<\/span>s\u2019engage \u00e0 respecter.<\/p>\n<p style=\"font-weight: 400;\">En l\u2019absence de telles directives,<span>\u00a0<\/span><span>l&rsquo;EI<\/span><span> SARL VICENZA<\/span><span>\u00a0<\/span>reconna\u00eet aux h\u00e9ritiers la possibilit\u00e9 d\u2019exercer certains droits, en particulier le droit d\u2019acc\u00e8s s\u2019il est n\u00e9cessaire pour le r\u00e8glement de la succession du d\u00e9funt et le droit d\u2019opposition.<\/p>\n<h6 style=\"font-weight: 500;\">7.9. Conditions d\u2019exercice des droits<\/h6>\n<p style=\"font-weight: 400;\">Pour exercer leurs droits, les utilisateurs sont invit\u00e9s \u00e0 bien vouloir se rapprocher du D\u00e9l\u00e9gu\u00e9 \u00e0 la Protection des Donn\u00e9es Personnelles de<span>\u00a0<\/span><span>l&rsquo;EI<\/span><span>\u00a0<\/span><span>SARL VICENZA<\/span><span>\u00a0<\/span>selon les modalit\u00e9s d\u00e9crites \u00e0 l\u2019article 10.<\/p>\n<p style=\"font-weight: 400;\">Il est pr\u00e9cis\u00e9 que pour les aider dans l\u2019exercice de leurs droits, la CNIL met \u00e0 leur disposition sur son site internet des mod\u00e8les de courriers (www.cnil.fr).<\/p>\n<p style=\"font-weight: 400;\">Avant de traiter la(es) demande(s) des utilisateurs,<span>\u00a0<\/span><span>l&rsquo;EI<\/span><span> SARL VICENZA<\/span><span>\u00a0<\/span>pourra v\u00e9rifier leur identit\u00e9 en leur demandant un justificatif d\u2019identit\u00e9.<\/p>\n<p style=\"font-weight: 400;\">Le D\u00e9l\u00e9gu\u00e9 \u00e0 la Protection des Donn\u00e9es Personnelles r\u00e9pondra \u00e0 leur(s) demande(s) dans les meilleurs d\u00e9lais et en tout \u00e9tat de cause un (1) mois \u00e0 compter de la justification d\u2019identit\u00e9.<\/p>\n<p style=\"font-weight: 400;\">Au besoin, ce d\u00e9lai pourra \u00eatre prolong\u00e9 de deux (2) mois suppl\u00e9mentaires compte tenu de la complexit\u00e9 et du nombre de demandes,<span>\u00a0<\/span><span>l&rsquo;EI<\/span><span>\u00a0<\/span><span>SARL VICENZA<\/span><span>\u00a0<\/span>s\u2019engageant alors \u00e0 informer les utilisateurs de la prolongation et des motifs du report.<\/p>\n<h2 style=\"font-weight: 500;\">ARTICLE 8. MODIFICATION DE LA CHARTE DE PROTECTION DES DONN\u00c9ES PERSONNELLES<\/h2>\n<p style=\"font-weight: 400;\"><span>L&rsquo;EI<\/span><span> SARL VICENZA <\/span>se r\u00e9serve le droit d\u2019apporter, \u00e0 tout moment, des modifications \u00e0 la pr\u00e9sente Charte de protection des Donn\u00e9es Personnelles afin de respecter les \u00e9volutions l\u00e9gislatives et r\u00e8glementaires et\/ou d\u2019am\u00e9liorer sa politique de traitement et de protection des Donn\u00e9es Personnelles.<\/p>\n<p style=\"font-weight: 400;\">En cas de modification, une nouvelle version sera actualis\u00e9e et mise en ligne avec la date de \u00ab Derni\u00e8re mise \u00e0 jour \u00bb.<\/p>\n<h2 style=\"font-weight: 500;\">ARTICLE 9. DROIT APPLICABLE ET TRIBUNAL COMP\u00c9TENT<\/h2>\n<p style=\"font-weight: 400;\">La pr\u00e9sente Charte est soumise au droit fran\u00e7ais, en ce compris les dispositions applicables aux r\u00e8gles de Droit international priv\u00e9.<\/p>\n<p style=\"font-weight: 400;\">\u00c0 D\u00c9FAUT D\u2019ACCORD AMIABLE, LA COMP\u00c9TENCE EST DONN\u00c9E AUX TRIBUNAUX DU RESSORT DE LA COUR D\u2019APPEL DE LIMOGES NONOBSTANT PLURALIT\u00c9 DE D\u00c9FENDEURS ET\/OU APPEL EN GARANTIE POUR CONNAITRE DE TOUT LITIGE RELATIF \u00c0 L\u2019UTILISATION DU SITE ET\/OU \u00c0 LA VALIDIT\u00c9, L\u2019EX\u00c9CUTION ET L\u2019INTERPR\u00c9TATION DES PR\u00c9SENTES CGU.<\/p>\n<h2 style=\"font-weight: 500;\">ARTICLE 10. CONTACT<\/h2>\n<p style=\"font-weight: 400;\">Pour toute question relative \u00e0 la pr\u00e9sente Charte aux fins de rectification, de compl\u00e9ment ou de mise \u00e0 jour, les utilisateurs sont invit\u00e9s \u00e0 contacter<span>\u00a0<\/span><span>l&rsquo;ESARL VICENZA<\/span>: en adressant un email au D\u00e9l\u00e9gu\u00e9 \u00e0 la Protection des Donn\u00e9es \u00e0 l\u2019adresse<span>\u00a0<\/span><span>Mail : poeles.chef.carlo@gmail.com<\/span><span>\u00a0<\/span>; ou en adressant un courrier \u00e0 l\u2019adresse suivante :<span>\u00a0<\/span><span>l&rsquo;EI<\/span><span> SARL VICENZA<\/span><span>\u00a0<\/span>\u2013 A l\u2019attention du D\u00e9l\u00e9gu\u00e9 \u00e0 la Protection des Donn\u00e9es \u2013<span> 13 RUE DE LOUCHAR 03800 CHARMES<\/span><\/p>\n<p>[\/et_pb_text][\/et_pb_column][\/et_pb_row][\/et_pb_section]<\/p>\n","protected":false},"excerpt":{"rendered":"<p>Charte de protection des donn\u00e9esL&rsquo;EI SARL VICENZA attache une grande importance \u00e0 la protection et au respect de la vie priv\u00e9e et des donn\u00e9es personnelles (\u00ab Donn\u00e9es Personnelles \u00bb) des utilisateurs de son site internet (ci-apr\u00e8s le \u00ab Site \u00bb). L&rsquo;EI\u00a0C\u00a0s\u2019engage \u00e0 mettre en \u0153uvre les mesures ad\u00e9quates \u00e0 la protection, la confidentialit\u00e9 et la [&hellip;]<\/p>\n","protected":false},"author":1,"featured_media":0,"parent":0,"menu_order":0,"comment_status":"closed","ping_status":"closed","template":"","meta":{"_et_pb_use_builder":"on","_et_pb_old_content":"<!-- wp:divi\/placeholder \/-->","_et_gb_content_width":"","footnotes":""},"class_list":["post-278","page","type-page","status-publish","hentry"],"_links":{"self":[{"href":"https:\/\/poeles-chef-carlo.fr\/index.php\/wp-json\/wp\/v2\/pages\/278","targetHints":{"allow":["GET"]}}],"collection":[{"href":"https:\/\/poeles-chef-carlo.fr\/index.php\/wp-json\/wp\/v2\/pages"}],"about":[{"href":"https:\/\/poeles-chef-carlo.fr\/index.php\/wp-json\/wp\/v2\/types\/page"}],"author":[{"embeddable":true,"href":"https:\/\/poeles-chef-carlo.fr\/index.php\/wp-json\/wp\/v2\/users\/1"}],"replies":[{"embeddable":true,"href":"https:\/\/poeles-chef-carlo.fr\/index.php\/wp-json\/wp\/v2\/comments?post=278"}],"version-history":[{"count":4,"href":"https:\/\/poeles-chef-carlo.fr\/index.php\/wp-json\/wp\/v2\/pages\/278\/revisions"}],"predecessor-version":[{"id":295,"href":"https:\/\/poeles-chef-carlo.fr\/index.php\/wp-json\/wp\/v2\/pages\/278\/revisions\/295"}],"wp:attachment":[{"href":"https:\/\/poeles-chef-carlo.fr\/index.php\/wp-json\/wp\/v2\/media?parent=278"}],"curies":[{"name":"wp","href":"https:\/\/api.w.org\/{rel}","templated":true}]}}