{"id":697,"date":"2025-07-02T13:38:28","date_gmt":"2025-07-02T11:38:28","guid":{"rendered":"https:\/\/poeles-chef-carlo.fr\/?post_type=product&#038;p=697"},"modified":"2025-07-02T14:34:47","modified_gmt":"2025-07-02T12:34:47","slug":"poignee-silicone-16-cm","status":"publish","type":"product","link":"https:\/\/poeles-chef-carlo.fr\/index.php\/produit\/poignee-silicone-16-cm\/","title":{"rendered":"Poign\u00e9e Silicone 16 cm ( Petite )"},"content":{"rendered":"<p><img decoding=\"async\" class=\"alignnone size-medium wp-image-522\" src=\"https:\/\/poeles-chef-carlo.fr\/wp-content\/uploads\/2024\/03\/Photo-8-1-300x225.jpg\" alt=\"\" width=\"300\" height=\"225\" \/><\/p>\n","protected":false},"excerpt":{"rendered":"<p>Poign\u00e9e amovible en Silicone d\u2019une longueur \u00a0\u2018\u2018plus petite\u2019\u2019 de 16 cm.<\/p>\n<p>Ce mod\u00e8le est uniquement destin\u00e9 \u00e0 nos petites po\u00eales Chef Carlo 20 cm.<\/p>\n<p>Gr\u00e2ce \u00e0 son poids plus l\u00e9ger, il permet un \u00e9quilibre parfait qui emp\u00eache de faire basculer la po\u00eale 20 cm sur le gaz ou l\u2019induction.<\/p>\n<p>&nbsp;<\/p>\n","protected":false},"featured_media":522,"comment_status":"open","ping_status":"closed","template":"","meta":{"_et_pb_use_builder":"","_et_pb_old_content":"","_et_gb_content_width":""},"product_brand":[],"product_cat":[15],"product_tag":[],"class_list":{"0":"post-697","1":"product","2":"type-product","3":"status-publish","4":"has-post-thumbnail","6":"product_cat-non-classe","7":"product_shipping_class-produits-legers","9":"first","10":"instock","11":"taxable","12":"shipping-taxable","13":"purchasable","14":"product-type-simple"},"_links":{"self":[{"href":"https:\/\/poeles-chef-carlo.fr\/index.php\/wp-json\/wp\/v2\/product\/697","targetHints":{"allow":["GET"]}}],"collection":[{"href":"https:\/\/poeles-chef-carlo.fr\/index.php\/wp-json\/wp\/v2\/product"}],"about":[{"href":"https:\/\/poeles-chef-carlo.fr\/index.php\/wp-json\/wp\/v2\/types\/product"}],"replies":[{"embeddable":true,"href":"https:\/\/poeles-chef-carlo.fr\/index.php\/wp-json\/wp\/v2\/comments?post=697"}],"wp:featuredmedia":[{"embeddable":true,"href":"https:\/\/poeles-chef-carlo.fr\/index.php\/wp-json\/wp\/v2\/media\/522"}],"wp:attachment":[{"href":"https:\/\/poeles-chef-carlo.fr\/index.php\/wp-json\/wp\/v2\/media?parent=697"}],"wp:term":[{"taxonomy":"product_brand","embeddable":true,"href":"https:\/\/poeles-chef-carlo.fr\/index.php\/wp-json\/wp\/v2\/product_brand?post=697"},{"taxonomy":"product_cat","embeddable":true,"href":"https:\/\/poeles-chef-carlo.fr\/index.php\/wp-json\/wp\/v2\/product_cat?post=697"},{"taxonomy":"product_tag","embeddable":true,"href":"https:\/\/poeles-chef-carlo.fr\/index.php\/wp-json\/wp\/v2\/product_tag?post=697"}],"curies":[{"name":"wp","href":"https:\/\/api.w.org\/{rel}","templated":true}]}}